{"id":2373,"date":"2020-11-10T01:37:25","date_gmt":"2020-11-10T01:37:25","guid":{"rendered":"https:\/\/www.aquaticleaklocators.com\/?page_id=2373"},"modified":"2020-11-12T20:59:45","modified_gmt":"2020-11-12T20:59:45","slug":"tips","status":"publish","type":"page","link":"https:\/\/www.aquaticleaklocators.com\/es\/tips\/","title":{"rendered":"Tips"},"content":{"rendered":"<div data-elementor-type=\"wp-page\" data-elementor-id=\"2373\" class=\"elementor elementor-2373\" data-elementor-post-type=\"page\">\n\t\t\t\t\t\t<section class=\"elementor-section elementor-top-section elementor-element elementor-element-cfa52cf elementor-section-boxed elementor-section-height-default elementor-section-height-default\" data-id=\"cfa52cf\" data-element_type=\"section\">\n\t\t\t\t\t\t<div class=\"elementor-container elementor-column-gap-default\">\n\t\t\t\t\t<div class=\"elementor-column elementor-col-100 elementor-top-column elementor-element elementor-element-e1f4ae4\" data-id=\"e1f4ae4\" data-element_type=\"column\">\n\t\t\t<div class=\"elementor-widget-wrap elementor-element-populated\">\n\t\t\t\t\t\t<div class=\"elementor-element elementor-element-159e1ee elementor-widget elementor-widget-heading\" data-id=\"159e1ee\" data-element_type=\"widget\" data-widget_type=\"heading.default\">\n\t\t\t\t<div class=\"elementor-widget-container\">\n\t\t\t<h1 class=\"elementor-heading-title elementor-size-default\">Los mejores tips de nuestro equipo\n<\/h1>\t\t<\/div>\n\t\t\t\t<\/div>\n\t\t\t\t<div class=\"elementor-element elementor-element-a44e6d1 elementor-widget elementor-widget-uaques_blogs\" data-id=\"a44e6d1\" data-element_type=\"widget\" data-widget_type=\"uaques_blogs.default\">\n\t\t\t\t<div class=\"elementor-widget-container\">\n\t\t\t<!-- news-section -->\n\t\t<section class=\"news-section\">\n  <div class=\"auto-container\">\n\t<div class=\"sec-title text-center\">\n\t\t\t  <h6 class=\"heading_class\"><\/h6>\t<\/div>\n\t<div class=\"row clearfix\">\n\t\t\t  \n\t  <div class=\"col-lg-6 col-md-6 col-sm-12 news-block\">\n\t\t<div class=\"news-block-two wow fadeInLeft animated animated\"\n\t\t  data-wow-delay=\"0ms\"\n\t\t  data-wow-duration=\"1500ms\">\n\t\t  <div class=\"inner-box\">\n\t\t\t<figure class=\"image-box\">\n\t\t\t  <a href=\"https:\/\/www.aquaticleaklocators.com\/es\/2020\/11\/08\/not-sure-you-have-a-leak-do-the-bucket-test\/\">\n\t\t\t\t\t\t<img fetchpriority=\"high\" decoding=\"async\" width=\"360\" height=\"243\" src=\"https:\/\/i0.wp.com\/www.aquaticleaklocators.com\/wp-content\/uploads\/2019\/12\/islander-pools-with-modern-pool-and-colorful-container-plants-mosaic-tile-palm-trees-pool-with-blue-water.jpg?resize=360%2C243&amp;ssl=1\" class=\"attachment-uaques_blog_style_three size-uaques_blog_style_three wp-post-image\" alt=\"\" srcset=\"https:\/\/i0.wp.com\/www.aquaticleaklocators.com\/wp-content\/uploads\/2019\/12\/islander-pools-with-modern-pool-and-colorful-container-plants-mosaic-tile-palm-trees-pool-with-blue-water.jpg?resize=360%2C243&amp;ssl=1 360w, https:\/\/i0.wp.com\/www.aquaticleaklocators.com\/wp-content\/uploads\/2019\/12\/islander-pools-with-modern-pool-and-colorful-container-plants-mosaic-tile-palm-trees-pool-with-blue-water.jpg?zoom=2&amp;resize=360%2C243&amp;ssl=1 720w\" sizes=\"(max-width: 360px) 100vw, 360px\" \/>\t\t\t  <\/a>\n\t\t\t<\/figure>\n\t\t\t<div class=\"lower-content\">\n\t\t\t  <ul class=\"post-info clearfix\">\n\t\t\t\t<li><a href=\"https:\/\/www.aquaticleaklocators.com\/es\/2020\/11\/08\/not-sure-you-have-a-leak-do-the-bucket-test\/\" >8 comments<\/a><\/li>\n\t\t\t\t<li>08 de noviembre de 2020<\/li>\n\t\t\t  <\/ul>\n\t\t\t  <h3><a href=\"https:\/\/www.aquaticleaklocators.com\/es\/2020\/11\/08\/not-sure-you-have-a-leak-do-the-bucket-test\/\">\u00bfNo est\u00e1 seguro de tener una fuga? Haz la prueba de la cubeta<\/a><\/h3>\n\t\t\t  <div class=\"lower-box\">\n\t\t\t\t<div class=\"admin\"><span>por<\/span>&nbsp;<a\n\t\t\t\t\thref=\"https:\/\/www.aquaticleaklocators.com\/es\/author\/all-team\/\">ALL Team<\/a>\n\t\t\t\t<\/div>\n\t\t\t\t<div class=\"link\"><a\n\t\t\t\t\thref=\"https:\/\/www.aquaticleaklocators.com\/es\/2020\/11\/08\/not-sure-you-have-a-leak-do-the-bucket-test\/\">Lee mas<\/a>\n\t\t\t\t<\/div>\n\t\t\t  <\/div>\n\t\t\t<\/div>\n\t\t  <\/div>\n\t\t<\/div>\n\t  <\/div>\n\t\t\t\t\t\t\n\t  <div class=\"col-lg-6 col-md-6 col-sm-12 news-block\">\n\t\t<div class=\"news-block-two wow fadeInLeft animated animated\"\n\t\t  data-wow-delay=\"0ms\"\n\t\t  data-wow-duration=\"1500ms\">\n\t\t  <div class=\"inner-box\">\n\t\t\t<figure class=\"image-box\">\n\t\t\t  <a href=\"https:\/\/www.aquaticleaklocators.com\/es\/2020\/11\/01\/3-common-pool-issues-and-how-to-solve-them\/\">\n\t\t\t\t\t\t<img decoding=\"async\" width=\"360\" height=\"243\" src=\"https:\/\/i0.wp.com\/www.aquaticleaklocators.com\/wp-content\/uploads\/2020\/11\/photo-swimming-pool-and-pool-stairs.jpg?resize=360%2C243&amp;ssl=1\" class=\"attachment-uaques_blog_style_three size-uaques_blog_style_three wp-post-image\" alt=\"\" srcset=\"https:\/\/i0.wp.com\/www.aquaticleaklocators.com\/wp-content\/uploads\/2020\/11\/photo-swimming-pool-and-pool-stairs.jpg?resize=360%2C243&amp;ssl=1 360w, https:\/\/i0.wp.com\/www.aquaticleaklocators.com\/wp-content\/uploads\/2020\/11\/photo-swimming-pool-and-pool-stairs.jpg?zoom=2&amp;resize=360%2C243&amp;ssl=1 720w\" sizes=\"(max-width: 360px) 100vw, 360px\" \/>\t\t\t  <\/a>\n\t\t\t<\/figure>\n\t\t\t<div class=\"lower-content\">\n\t\t\t  <ul class=\"post-info clearfix\">\n\t\t\t\t<li><a href=\"https:\/\/www.aquaticleaklocators.com\/es\/2020\/11\/01\/3-common-pool-issues-and-how-to-solve-them\/\" >0 comentarios<\/a><\/li>\n\t\t\t\t<li>01 noviembre 2020<\/li>\n\t\t\t  <\/ul>\n\t\t\t  <h3><a href=\"https:\/\/www.aquaticleaklocators.com\/es\/2020\/11\/01\/3-common-pool-issues-and-how-to-solve-them\/\">3 problemas comunes de la piscina y c\u00f3mo resolverlos<\/a><\/h3>\n\t\t\t  <div class=\"lower-box\">\n\t\t\t\t<div class=\"admin\"><span>por<\/span>&nbsp;<a\n\t\t\t\t\thref=\"https:\/\/www.aquaticleaklocators.com\/es\/author\/all-team\/\">ALL Team<\/a>\n\t\t\t\t<\/div>\n\t\t\t\t<div class=\"link\"><a\n\t\t\t\t\thref=\"https:\/\/www.aquaticleaklocators.com\/es\/2020\/11\/01\/3-common-pool-issues-and-how-to-solve-them\/\">Lee mas<\/a>\n\t\t\t\t<\/div>\n\t\t\t  <\/div>\n\t\t\t<\/div>\n\t\t  <\/div>\n\t\t<\/div>\n\t  <\/div>\n\t\t\t\t\t\t\n\t  <div class=\"col-lg-6 col-md-6 col-sm-12 news-block\">\n\t\t<div class=\"news-block-two wow fadeInLeft animated animated\"\n\t\t  data-wow-delay=\"0ms\"\n\t\t  data-wow-duration=\"1500ms\">\n\t\t  <div class=\"inner-box\">\n\t\t\t<figure class=\"image-box\">\n\t\t\t  <a href=\"https:\/\/www.aquaticleaklocators.com\/es\/2020\/01\/04\/7-common-pool-mistakes-to-avoid\/\">\n\t\t\t\t\t\t<img decoding=\"async\" width=\"360\" height=\"243\" src=\"https:\/\/i0.wp.com\/www.aquaticleaklocators.com\/wp-content\/uploads\/2019\/12\/pool-blue-water-beautiful-stone-terrace-nice-gazebo-next-to-pool.jpg?resize=360%2C243&amp;ssl=1\" class=\"attachment-uaques_blog_style_three size-uaques_blog_style_three wp-post-image\" alt=\"\" srcset=\"https:\/\/i0.wp.com\/www.aquaticleaklocators.com\/wp-content\/uploads\/2019\/12\/pool-blue-water-beautiful-stone-terrace-nice-gazebo-next-to-pool.jpg?resize=360%2C243&amp;ssl=1 360w, https:\/\/i0.wp.com\/www.aquaticleaklocators.com\/wp-content\/uploads\/2019\/12\/pool-blue-water-beautiful-stone-terrace-nice-gazebo-next-to-pool.jpg?zoom=2&amp;resize=360%2C243&amp;ssl=1 720w, https:\/\/i0.wp.com\/www.aquaticleaklocators.com\/wp-content\/uploads\/2019\/12\/pool-blue-water-beautiful-stone-terrace-nice-gazebo-next-to-pool.jpg?zoom=3&amp;resize=360%2C243&amp;ssl=1 1080w\" sizes=\"(max-width: 360px) 100vw, 360px\" \/>\t\t\t  <\/a>\n\t\t\t<\/figure>\n\t\t\t<div class=\"lower-content\">\n\t\t\t  <ul class=\"post-info clearfix\">\n\t\t\t\t<li><a href=\"https:\/\/www.aquaticleaklocators.com\/es\/2020\/01\/04\/7-common-pool-mistakes-to-avoid\/\" >7 comentarios<\/a><\/li>\n\t\t\t\t<li>Ene 04, 2020<\/li>\n\t\t\t  <\/ul>\n\t\t\t  <h3><a href=\"https:\/\/www.aquaticleaklocators.com\/es\/2020\/01\/04\/7-common-pool-mistakes-to-avoid\/\">7 errores comunes que se deben evitar en la piscina<\/a><\/h3>\n\t\t\t  <div class=\"lower-box\">\n\t\t\t\t<div class=\"admin\"><span>por<\/span>&nbsp;<a\n\t\t\t\t\thref=\"https:\/\/www.aquaticleaklocators.com\/es\/author\/all-team\/\">ALL Team<\/a>\n\t\t\t\t<\/div>\n\t\t\t\t<div class=\"link\"><a\n\t\t\t\t\thref=\"https:\/\/www.aquaticleaklocators.com\/es\/2020\/01\/04\/7-common-pool-mistakes-to-avoid\/\">Lee mas<\/a>\n\t\t\t\t<\/div>\n\t\t\t  <\/div>\n\t\t\t<\/div>\n\t\t  <\/div>\n\t\t<\/div>\n\t  <\/div>\n\t\t\t\t\t\t\n\t  <div class=\"col-lg-6 col-md-6 col-sm-12 news-block\">\n\t\t<div class=\"news-block-two wow fadeInLeft animated animated\"\n\t\t  data-wow-delay=\"0ms\"\n\t\t  data-wow-duration=\"1500ms\">\n\t\t  <div class=\"inner-box\">\n\t\t\t<figure class=\"image-box\">\n\t\t\t  <a href=\"https:\/\/www.aquaticleaklocators.com\/es\/2019\/09\/07\/we-have-world-class-quality-at-low-cost-production\/\">\n\t\t\t\t\t\t<img loading=\"lazy\" decoding=\"async\" width=\"360\" height=\"243\" src=\"https:\/\/i0.wp.com\/www.aquaticleaklocators.com\/wp-content\/uploads\/2020\/11\/enjoying-the-pool.png?resize=360%2C243&amp;ssl=1\" class=\"attachment-uaques_blog_style_three size-uaques_blog_style_three wp-post-image\" alt=\"\" srcset=\"https:\/\/i0.wp.com\/www.aquaticleaklocators.com\/wp-content\/uploads\/2020\/11\/enjoying-the-pool.png?resize=360%2C243&amp;ssl=1 360w, https:\/\/i0.wp.com\/www.aquaticleaklocators.com\/wp-content\/uploads\/2020\/11\/enjoying-the-pool.png?zoom=2&amp;resize=360%2C243&amp;ssl=1 720w\" sizes=\"(max-width: 360px) 100vw, 360px\" \/>\t\t\t  <\/a>\n\t\t\t<\/figure>\n\t\t\t<div class=\"lower-content\">\n\t\t\t  <ul class=\"post-info clearfix\">\n\t\t\t\t<li><a href=\"https:\/\/www.aquaticleaklocators.com\/es\/2019\/09\/07\/we-have-world-class-quality-at-low-cost-production\/\" >0 comentarios<\/a><\/li>\n\t\t\t\t<li>07 de septiembre de 2019<\/li>\n\t\t\t  <\/ul>\n\t\t\t  <h3><a href=\"https:\/\/www.aquaticleaklocators.com\/es\/2019\/09\/07\/we-have-world-class-quality-at-low-cost-production\/\">C\u00f3mo mantener su piscina saludable: libre de algas<\/a><\/h3>\n\t\t\t  <div class=\"lower-box\">\n\t\t\t\t<div class=\"admin\"><span>por<\/span>&nbsp;<a\n\t\t\t\t\thref=\"https:\/\/www.aquaticleaklocators.com\/es\/author\/all-team\/\">ALL Team<\/a>\n\t\t\t\t<\/div>\n\t\t\t\t<div class=\"link\"><a\n\t\t\t\t\thref=\"https:\/\/www.aquaticleaklocators.com\/es\/2019\/09\/07\/we-have-world-class-quality-at-low-cost-production\/\">Lee mas<\/a>\n\t\t\t\t<\/div>\n\t\t\t  <\/div>\n\t\t\t<\/div>\n\t\t  <\/div>\n\t\t<\/div>\n\t  <\/div>\n\t\t\t\t\t\t\n\t<\/div>\n  <\/div>\n<\/section>\n\t\t\t\t\t\t<\/div>\n\t\t\t\t<\/div>\n\t\t\t\t\t<\/div>\n\t\t<\/div>\n\t\t\t\t\t<\/div>\n\t\t<\/section>\n\t\t\t\t<section class=\"elementor-section elementor-top-section elementor-element elementor-element-fbd6b0d elementor-section-boxed elementor-section-height-default elementor-section-height-default\" data-id=\"fbd6b0d\" data-element_type=\"section\">\n\t\t\t\t\t\t<div class=\"elementor-container elementor-column-gap-default\">\n\t\t\t\t\t<div class=\"elementor-column elementor-col-100 elementor-top-column elementor-element elementor-element-688f609\" data-id=\"688f609\" data-element_type=\"column\">\n\t\t\t<div class=\"elementor-widget-wrap elementor-element-populated\">\n\t\t\t\t\t\t<div class=\"elementor-element elementor-element-4a2ddce elementor-align-center elementor-widget elementor-widget-button\" data-id=\"4a2ddce\" data-element_type=\"widget\" data-widget_type=\"button.default\">\n\t\t\t\t<div class=\"elementor-widget-container\">\n\t\t\t\t\t\t\t<div class=\"elementor-button-wrapper\">\n\t\t\t\t\t<a class=\"elementor-button elementor-button-link elementor-size-lg elementor-animation-grow\" href=\"https:\/\/www.aquaticleaklocators.com\/es\/service-request-form\/\">\n\t\t\t\t\t\t<span class=\"elementor-button-content-wrapper\">\n\t\t\t\t\t\t\t\t\t<span class=\"elementor-button-text\">Solicite nuestros servicios hoy!<\/span>\n\t\t\t\t\t<\/span>\n\t\t\t\t\t<\/a>\n\t\t\t\t<\/div>\n\t\t\t\t\t\t<\/div>\n\t\t\t\t<\/div>\n\t\t\t\t\t<\/div>\n\t\t<\/div>\n\t\t\t\t\t<\/div>\n\t\t<\/section>\n\t\t\t\t<section class=\"elementor-section elementor-top-section elementor-element elementor-element-75f818d elementor-section-boxed elementor-section-height-default elementor-section-height-default\" data-id=\"75f818d\" data-element_type=\"section\">\n\t\t\t\t\t\t<div class=\"elementor-container elementor-column-gap-default\">\n\t\t\t\t\t<div class=\"elementor-column elementor-col-100 elementor-top-column elementor-element elementor-element-767f429\" data-id=\"767f429\" data-element_type=\"column\">\n\t\t\t<div class=\"elementor-widget-wrap elementor-element-populated\">\n\t\t\t\t\t\t<div class=\"elementor-element elementor-element-49486e9 elementor-widget elementor-widget-spacer\" data-id=\"49486e9\" data-element_type=\"widget\" data-widget_type=\"spacer.default\">\n\t\t\t\t<div class=\"elementor-widget-container\">\n\t\t\t\t\t<div class=\"elementor-spacer\">\n\t\t\t<div class=\"elementor-spacer-inner\"><\/div>\n\t\t<\/div>\n\t\t\t\t<\/div>\n\t\t\t\t<\/div>\n\t\t\t\t\t<\/div>\n\t\t<\/div>\n\t\t\t\t\t<\/div>\n\t\t<\/section>\n\t\t\t\t<\/div>","protected":false},"excerpt":{"rendered":"<p>Los mejores consejos de nuestro equipo 0 comentarios 8 de noviembre de 2020 \u00bfNo est\u00e1 seguro de tener una fuga? Haga la prueba del cubo por ALL Team Leer m\u00e1s 0 comentarios 1 de noviembre de 2020 3 problemas comunes de piscinas y c\u00f3mo solucionarlos por ALL Team Leer m\u00e1s 0 comentarios 4 de enero de 2020 7 errores comunes de piscinas que debe evitar por ALL Team [\u2026]<\/p>","protected":false},"author":1,"featured_media":0,"parent":0,"menu_order":0,"comment_status":"closed","ping_status":"closed","template":"","meta":{"nf_dc_page":"","footnotes":""},"class_list":["post-2373","page","type-page","status-publish","hentry"],"jetpack_sharing_enabled":true,"_links":{"self":[{"href":"https:\/\/www.aquaticleaklocators.com\/es\/wp-json\/wp\/v2\/pages\/2373","targetHints":{"allow":["GET"]}}],"collection":[{"href":"https:\/\/www.aquaticleaklocators.com\/es\/wp-json\/wp\/v2\/pages"}],"about":[{"href":"https:\/\/www.aquaticleaklocators.com\/es\/wp-json\/wp\/v2\/types\/page"}],"author":[{"embeddable":true,"href":"https:\/\/www.aquaticleaklocators.com\/es\/wp-json\/wp\/v2\/users\/1"}],"replies":[{"embeddable":true,"href":"https:\/\/www.aquaticleaklocators.com\/es\/wp-json\/wp\/v2\/comments?post=2373"}],"version-history":[{"count":30,"href":"https:\/\/www.aquaticleaklocators.com\/es\/wp-json\/wp\/v2\/pages\/2373\/revisions"}],"predecessor-version":[{"id":2815,"href":"https:\/\/www.aquaticleaklocators.com\/es\/wp-json\/wp\/v2\/pages\/2373\/revisions\/2815"}],"wp:attachment":[{"href":"https:\/\/www.aquaticleaklocators.com\/es\/wp-json\/wp\/v2\/media?parent=2373"}],"curies":[{"name":"gracias","href":"https:\/\/api.w.org\/{rel}","templated":true}]}}