{"id":1770,"date":"2020-11-04T19:03:03","date_gmt":"2020-11-04T19:03:03","guid":{"rendered":"https:\/\/www.aquaticleaklocators.com\/?page_id=1770"},"modified":"2020-11-14T05:32:45","modified_gmt":"2020-11-14T05:32:45","slug":"service-request-form","status":"publish","type":"page","link":"https:\/\/www.aquaticleaklocators.com\/es\/service-request-form\/","title":{"rendered":"Formulario de solicitud de servicio"},"content":{"rendered":"<div data-elementor-type=\"wp-page\" data-elementor-id=\"1770\" class=\"elementor elementor-1770\" data-elementor-post-type=\"page\">\n\t\t\t\t\t\t<section class=\"elementor-section elementor-top-section elementor-element elementor-element-02101a3 elementor-section-boxed elementor-section-height-default elementor-section-height-default\" data-id=\"02101a3\" data-element_type=\"section\">\n\t\t\t\t\t\t<div class=\"elementor-container elementor-column-gap-default\">\n\t\t\t\t\t<div class=\"elementor-column elementor-col-100 elementor-top-column elementor-element elementor-element-01f856a\" data-id=\"01f856a\" data-element_type=\"column\">\n\t\t\t<div class=\"elementor-widget-wrap elementor-element-populated\">\n\t\t\t\t\t\t<div class=\"elementor-element elementor-element-a9bccad elementor-widget elementor-widget-heading\" data-id=\"a9bccad\" data-element_type=\"widget\" data-widget_type=\"heading.default\">\n\t\t\t\t<div class=\"elementor-widget-container\">\n\t\t\t<h1 class=\"elementor-heading-title elementor-size-default\">H\u00e1ganos saber c\u00f3mo podemos ayudarlo<\/h1>\t\t<\/div>\n\t\t\t\t<\/div>\n\t\t\t\t\t<\/div>\n\t\t<\/div>\n\t\t\t\t\t<\/div>\n\t\t<\/section>\n\t\t\t\t<section class=\"elementor-section elementor-top-section elementor-element elementor-element-0661c57 elementor-section-boxed elementor-section-height-default elementor-section-height-default\" data-id=\"0661c57\" data-element_type=\"section\">\n\t\t\t\t\t\t<div class=\"elementor-container elementor-column-gap-default\">\n\t\t\t\t\t<div class=\"elementor-column elementor-col-100 elementor-top-column elementor-element elementor-element-8aa142a\" data-id=\"8aa142a\" data-element_type=\"column\">\n\t\t\t<div class=\"elementor-widget-wrap elementor-element-populated\">\n\t\t\t\t\t\t<div class=\"elementor-element elementor-element-97ca2a2 elementor-widget elementor-widget-text-editor\" data-id=\"97ca2a2\" data-element_type=\"widget\" data-widget_type=\"text-editor.default\">\n\t\t\t\t<div class=\"elementor-widget-container\">\n\t\t\t\t\t\t\t<div class=\"sec-title text-center\">\n\n&nbsp;\n<h3><p style=\"font-family: Roboto;\">Simplemente complete este formulario y nos comunicaremos con usted lo antes posible<\/p>\n\n<\/div>\t\t\t\t\t\t<\/div>\n\t\t\t\t<\/div>\n\t\t\t\t\t<\/div>\n\t\t<\/div>\n\t\t\t\t\t<\/div>\n\t\t<\/section>\n\t\t\t\t<section class=\"elementor-section elementor-top-section elementor-element elementor-element-dcad485 elementor-section-boxed elementor-section-height-default elementor-section-height-default\" data-id=\"dcad485\" data-element_type=\"section\">\n\t\t\t\t\t\t<div class=\"elementor-container elementor-column-gap-default\">\n\t\t\t\t\t<div class=\"elementor-column elementor-col-100 elementor-top-column elementor-element elementor-element-ef8aecd\" data-id=\"ef8aecd\" data-element_type=\"column\">\n\t\t\t<div class=\"elementor-widget-wrap elementor-element-populated\">\n\t\t\t\t\t\t<div class=\"elementor-element elementor-element-39a31c3 elementor-widget-divider--view-line elementor-widget elementor-widget-divider\" data-id=\"39a31c3\" data-element_type=\"widget\" data-widget_type=\"divider.default\">\n\t\t\t\t<div class=\"elementor-widget-container\">\n\t\t\t\t\t<div class=\"elementor-divider\">\n\t\t\t<span class=\"elementor-divider-separator\">\n\t\t\t\t\t\t<\/span>\n\t\t<\/div>\n\t\t\t\t<\/div>\n\t\t\t\t<\/div>\n\t\t\t\t\t<\/div>\n\t\t<\/div>\n\t\t\t\t\t<\/div>\n\t\t<\/section>\n\t\t\t\t<section class=\"elementor-section elementor-top-section elementor-element elementor-element-009db66 elementor-section-boxed elementor-section-height-default elementor-section-height-default\" data-id=\"009db66\" data-element_type=\"section\">\n\t\t\t\t\t\t<div class=\"elementor-container elementor-column-gap-default\">\n\t\t\t\t\t<div class=\"elementor-column elementor-col-100 elementor-top-column elementor-element elementor-element-22eb896\" data-id=\"22eb896\" data-element_type=\"column\">\n\t\t\t<div class=\"elementor-widget-wrap elementor-element-populated\">\n\t\t\t\t\t\t<div class=\"elementor-element elementor-element-a2e4523 elementor-widget elementor-widget-shortcode\" data-id=\"a2e4523\" data-element_type=\"widget\" data-widget_type=\"shortcode.default\">\n\t\t\t\t<div class=\"elementor-widget-container\">\n\t\t\t\t\t<div class=\"elementor-shortcode\">\n<div class=\"wpcf7 no-js\" id=\"wpcf7-f433-o1\" lang=\"en-US\" dir=\"ltr\" data-wpcf7-id=\"433\">\n<div class=\"screen-reader-response\"><p role=\"status\" aria-live=\"polite\" aria-atomic=\"true\"><\/p> <ul><\/ul><\/div>\n<form action=\"\/es\/wp-json\/wp\/v2\/pages\/1770#wpcf7-f433-o1\" method=\"post\" class=\"wpcf7-form init\" aria-label=\"Formulario de contacto\" novalidate=\"novalidate\" data-status=\"init\" data-trp-original-action=\"\/es\/wp-json\/wp\/v2\/pages\/1770#wpcf7-f433-o1\">\n<fieldset class=\"hidden-fields-container\"><input type=\"hidden\" name=\"_wpcf7\" value=\"433\" \/><input type=\"hidden\" name=\"_wpcf7_version\" value=\"6.1.4\" \/><input type=\"hidden\" name=\"_wpcf7_locale\" value=\"en_US\" \/><input type=\"hidden\" name=\"_wpcf7_unit_tag\" value=\"wpcf7-f433-o1\" \/><input type=\"hidden\" name=\"_wpcf7_container_post\" value=\"0\" \/><input type=\"hidden\" name=\"_wpcf7_posted_data_hash\" value=\"\" \/><input type=\"hidden\" name=\"_wpcf7_recaptcha_response\" value=\"\" \/>\n<\/fieldset>\n<div class=\"inner-box\">\n\t<div class=\"request-form\">\n\t\t<div class=\"row clearfix\">\n\t\t\t<div class=\"col-lg-4 col-md-6 col-sm-12 form-group\">\n\t\t\t\t<p><label>Elija el tipo de servicio:<\/label>\n\t\t\t\t<\/p>\n\t\t\t\t<div class=\"select-box\">\n\t\t\t\t\t<p><span class=\"wpcf7-form-control-wrap\" data-name=\"chose-service\"><select class=\"wpcf7-form-control wpcf7-select wide\" id=\"ui-id-1\" aria-invalid=\"false\" name=\"chose-service\"><option value=\"Choose Type of Service:\">Elija el tipo de servicio:<\/option><option value=\"Leak Detection\">Detecci\u00f3n de fugas<\/option><option value=\"Repairs\">Refacci\u00f3n<\/option><option value=\"Inspection\">Inspecci\u00f3n<\/option><option value=\"Build\">Construir<\/option><option value=\"Remodeling\">Remodelaci\u00f3n<\/option><option value=\"Resurface\">Volver a emerger<\/option><\/select><\/span>\n\t\t\t\t\t<\/p>\n\t\t\t\t<\/div>\n\t\t\t<\/div>\n\t\t\t<div class=\"col-lg-4 col-md-6 col-sm-12 form-group\">\n\t\t\t\t<p><label>Servicio lo necesita para:<\/label>\n\t\t\t\t<\/p>\n\t\t\t\t<div class=\"select-box\">\n\t\t\t\t\t<p><span class=\"wpcf7-form-control-wrap\" data-name=\"service-need-it-for\"><select class=\"wpcf7-form-control wpcf7-select wide\" id=\"ui-id-2\" aria-invalid=\"false\" name=\"service-need-it-for\"><option value=\"Choose what you need it for:\">Elija para qu\u00e9 lo necesita:<\/option><option value=\"Pool\">Piscina<\/option><option value=\"Spa\">Spa<\/option><option value=\"Fountain\">Fuente<\/option><option value=\"Other\">Otro<\/option><\/select><\/span>\n\t\t\t\t\t<\/p>\n\t\t\t\t<\/div>\n\t\t\t<\/div>\n\t\t\t<div class=\"col-lg-4 col-md-6 col-sm-12 form-group\">\n\t\t\t\t<p><label>\u00bfCu\u00e1ndo le gustar\u00eda recibir nuestros servicios?<\/label>\n\t\t\t\t<\/p>\n\t\t\t\t<div class=\"select-box\">\n\t\t\t\t\t<p><span class=\"wpcf7-form-control-wrap\" data-name=\"when-would-you-like-it\"><select class=\"wpcf7-form-control wpcf7-select wide\" id=\"ui-id-3\" aria-invalid=\"false\" name=\"when-would-you-like-it\"><option value=\"Choose for when:\">Elija para cuando:<\/option><option value=\"Tomorrow\">Ma\u00f1ana<\/option><option value=\"Sometime This Week\">En alg\u00fan momento de esta semana<\/option><option value=\"Next Week\">La pr\u00f3xima semana<\/option><option value=\"In 2 Weeks\">En 2 semanas<\/option><option value=\"Next Month\">Pr\u00f3ximo mes<\/option><option value=\"Just want more information\">Solo quiero mas informacion<\/option><\/select><\/span>\n\t\t\t\t\t<\/p>\n\t\t\t\t<\/div>\n\t\t\t<\/div>\n\t\t\t<div class=\"col-lg-4 col-md-6 col-sm-12 form-group\">\n\t\t\t\t<p><label>Tu nombre<\/label><span class=\"wpcf7-form-control-wrap\" data-name=\"your-name\"><input size=\"40\" maxlength=\"400\" class=\"wpcf7-form-control wpcf7-text wpcf7-validates-as-required\" aria-required=\"true\" aria-invalid=\"false\" value=\"\" type=\"text\" name=\"your-name\" \/><\/span>\n\t\t\t\t<\/p>\n\t\t\t<\/div>\n\t\t\t<div class=\"col-lg-4 col-md-6 col-sm-12 form-group\">\n\t\t\t\t<p><label>Correo electr\u00f3nico<\/label><span class=\"wpcf7-form-control-wrap\" data-name=\"email\"><input size=\"40\" maxlength=\"400\" class=\"wpcf7-form-control wpcf7-email wpcf7-validates-as-required wpcf7-text wpcf7-validates-as-email\" aria-required=\"true\" aria-invalid=\"false\" value=\"\" type=\"email\" name=\"email\" \/><\/span>\n\t\t\t\t<\/p>\n\t\t\t<\/div>\n\t\t\t<div class=\"col-lg-4 col-md-6 col-sm-12 form-group\">\n\t\t\t\t<p><label>Tel\u00e9fono<\/label><span class=\"wpcf7-form-control-wrap\" data-name=\"phone\"><input size=\"40\" maxlength=\"400\" class=\"wpcf7-form-control wpcf7-text wpcf7-validates-as-required\" aria-required=\"true\" aria-invalid=\"false\" value=\"\" type=\"text\" name=\"phone\" \/><\/span>\n\t\t\t\t<\/p>\n\t\t\t<\/div>\n\t\t\t<div class=\"col-lg-12 col-md-12 col-sm-12 form-group message-btn\">\n\t\t\t\t<div class=\"submit-box clearfix\">\n\t\t\t\t\t<div class=\"btn-box pull-right\">\n\t\t\t\t\t\t<p><a submit class=\"theme-btn style-two\">Env\u00ede su solicitud de servicio<\/a>\n\t\t\t\t\t\t<\/p>\n\t\t\t\t\t<\/div>\n\t\t\t\t<\/div>\n\t\t\t<\/div>\n\t\t<\/div>\n\t<\/div>\n<\/div><p style=\"display: none !important;\" class=\"akismet-fields-container\" data-prefix=\"_wpcf7_ak_\"><label>\u0394<textarea name=\"_wpcf7_ak_hp_textarea\" cols=\"45\" rows=\"8\" maxlength=\"100\"><\/textarea><\/label><input type=\"hidden\" id=\"ak_js_1\" name=\"_wpcf7_ak_js\" value=\"190\"\/><script>document.getElementById( \"ak_js_1\" ).setAttribute( \"value\", ( new Date() ).getTime() );<\/script><\/p><div class=\"wpcf7-response-output\" aria-hidden=\"true\"><\/div>\n<input type=\"hidden\" name=\"trp-form-language\" value=\"es\"\/><\/form>\n<\/div>\n<\/div>\n\t\t\t\t<\/div>\n\t\t\t\t<\/div>\n\t\t\t\t\t<\/div>\n\t\t<\/div>\n\t\t\t\t\t<\/div>\n\t\t<\/section>\n\t\t\t\t<section class=\"elementor-section elementor-top-section elementor-element elementor-element-08fac4e elementor-section-boxed elementor-section-height-default elementor-section-height-default\" data-id=\"08fac4e\" data-element_type=\"section\">\n\t\t\t\t\t\t<div class=\"elementor-container elementor-column-gap-default\">\n\t\t\t\t\t<div class=\"elementor-column elementor-col-100 elementor-top-column elementor-element elementor-element-6e99db6\" data-id=\"6e99db6\" data-element_type=\"column\">\n\t\t\t<div class=\"elementor-widget-wrap elementor-element-populated\">\n\t\t\t\t\t\t<div class=\"elementor-element elementor-element-296b167 elementor-widget-divider--view-line elementor-widget elementor-widget-divider\" data-id=\"296b167\" data-element_type=\"widget\" data-widget_type=\"divider.default\">\n\t\t\t\t<div class=\"elementor-widget-container\">\n\t\t\t\t\t<div class=\"elementor-divider\">\n\t\t\t<span class=\"elementor-divider-separator\">\n\t\t\t\t\t\t<\/span>\n\t\t<\/div>\n\t\t\t\t<\/div>\n\t\t\t\t<\/div>\n\t\t\t\t\t<\/div>\n\t\t<\/div>\n\t\t\t\t\t<\/div>\n\t\t<\/section>\n\t\t\t\t<section class=\"elementor-section elementor-top-section elementor-element elementor-element-090d13a elementor-section-boxed elementor-section-height-default elementor-section-height-default\" data-id=\"090d13a\" data-element_type=\"section\">\n\t\t\t\t\t\t<div class=\"elementor-container elementor-column-gap-default\">\n\t\t\t\t\t<div class=\"elementor-column elementor-col-100 elementor-top-column elementor-element elementor-element-3e25726\" data-id=\"3e25726\" data-element_type=\"column\">\n\t\t\t<div class=\"elementor-widget-wrap elementor-element-populated\">\n\t\t\t\t\t\t<div class=\"elementor-element elementor-element-a007681 elementor-widget elementor-widget-heading\" data-id=\"a007681\" data-element_type=\"widget\" data-widget_type=\"heading.default\">\n\t\t\t\t<div class=\"elementor-widget-container\">\n\t\t\t<h1 class=\"elementor-heading-title elementor-size-default\">\u00bfO tiene una pregunta o comentario espec\u00edfico?<\/h1>\t\t<\/div>\n\t\t\t\t<\/div>\n\t\t\t\t\t<\/div>\n\t\t<\/div>\n\t\t\t\t\t<\/div>\n\t\t<\/section>\n\t\t\t\t<section class=\"elementor-section elementor-top-section elementor-element elementor-element-4573864 elementor-section-boxed elementor-section-height-default elementor-section-height-default\" data-id=\"4573864\" data-element_type=\"section\">\n\t\t\t\t\t\t<div class=\"elementor-container elementor-column-gap-default\">\n\t\t\t\t\t<div class=\"elementor-column elementor-col-100 elementor-top-column elementor-element elementor-element-b0dbb13\" data-id=\"b0dbb13\" data-element_type=\"column\">\n\t\t\t<div class=\"elementor-widget-wrap elementor-element-populated\">\n\t\t\t\t\t\t<div class=\"elementor-element elementor-element-366f476 elementor-widget elementor-widget-text-editor\" data-id=\"366f476\" data-element_type=\"widget\" data-widget_type=\"text-editor.default\">\n\t\t\t\t<div class=\"elementor-widget-container\">\n\t\t\t\t\t\t\t<div class=\"sec-title text-center\">\n<h4>\n<p style=\"font-family: Roboto;\">\n<\/p><p style=\"font-family: Roboto;\"><br><\/p><p style=\"font-family: Roboto;\">Entonces, ll\u00e1menos o simplemente complete este formulario y nos comunicaremos con usted ASAP<\/p>\n<\/h4>\n<\/div>\t\t\t\t\t\t<\/div>\n\t\t\t\t<\/div>\n\t\t\t\t\t<\/div>\n\t\t<\/div>\n\t\t\t\t\t<\/div>\n\t\t<\/section>\n\t\t\t\t<section class=\"elementor-section elementor-top-section elementor-element elementor-element-a5038aa elementor-section-boxed elementor-section-height-default elementor-section-height-default\" data-id=\"a5038aa\" data-element_type=\"section\">\n\t\t\t\t\t\t<div class=\"elementor-container elementor-column-gap-default\">\n\t\t\t\t\t<div class=\"elementor-column elementor-col-100 elementor-top-column elementor-element elementor-element-352f6a4\" data-id=\"352f6a4\" data-element_type=\"column\">\n\t\t\t<div class=\"elementor-widget-wrap elementor-element-populated\">\n\t\t\t\t\t\t<div class=\"elementor-element elementor-element-61ec2ed elementor-widget elementor-widget-uaques_contact_information\" data-id=\"61ec2ed\" data-element_type=\"widget\" data-widget_type=\"uaques_contact_information.default\">\n\t\t\t\t<div class=\"elementor-widget-container\">\n\t\t\t\t\t<section class=\"contact-section sec-pad\">\n\t\t\t<div class=\"auto-container\">\n\t\t\t\t<div class=\"row clearfix\">\n\t\t\t\t\t<div class=\"col-lg-4 col-md-12 col-sm-12 info-column\">\n\t\t\t\t\t\t<div class=\"info-box\">\n\t\t\t\t\t\t\t<h2 class=\"title-text\">Cont\u00e1ctenos<\/h2>\t\t\t\t\t\t\t<ul class=\"info-list clearfix wow fadeInLeft\" data-wow-delay=\"0ms\" data-wow-duration=\"1500ms\">\n\t\t\t\t\t\t\t\t\n\t\t\t\t\t\t\t\t\t<li><i aria-hidden=\"true\" class=\"fas fa-phone-alt\"><\/i>\t\t\t\t\t\t\t\t\t\t\t\t\t\t\t\t\t\t\t\t<a href=\"tel:19543664075\">+1 954-366-4075<\/a>\t\t\t\t\t\t\t\t\t<\/li>\n\t\t\t\t\t\t\t\t\t<li><i aria-hidden=\"true\" class=\"fas fa-clock\"><\/i>\t\t\t\t\t\t\t\t\t\t\t\t\t\t\t\t\t\t\t\tLunes-Viernes: de 8am a 4pm S\u00e1bados y Domingos: cerrado\t\t\t\t\t\t\t\t\t<\/li>\n\t\t\t\t\t\t\t\t\t<li><i aria-hidden=\"true\" class=\"fas fa-paper-plane\"><\/i>\t\t\t\t\t\t\t\t\t\t\t\t\t\t\t\t\t\t\t\t<a href=\"mailto:info@aquaticleaklocators.com\">info@aquaticleaklocators.com<\/a>\t\t\t\t\t\t\t\t\t<\/li>\t\t\t\t\t\t\t<\/ul>\n\t\t\t\t\t\t<\/div>\n\t\t\t\t\t<\/div>\n\t\t\t\t\t<div class=\"col-lg-8 col-md-12 col-sm-12 inner-column\">\n\t\t\t\t\t\t<div class=\"inner-box\">\n\t\t\t\t\t\t\t<h2 class=\"title-text\">Env\u00edenos un mensaje<\/h2>\t\t\t\t\t\t\t<div class=\"form-inner\">\n\t\t\t\t\t\t\t\t<div class=\"elementor-shortcode uaquescore-cf7-0\">\n<div class=\"wpcf7 no-js\" id=\"wpcf7-f411-o2\" lang=\"en-US\" dir=\"ltr\" data-wpcf7-id=\"411\">\n<div class=\"screen-reader-response\"><p role=\"status\" aria-live=\"polite\" aria-atomic=\"true\"><\/p> <ul><\/ul><\/div>\n<form action=\"\/es\/wp-json\/wp\/v2\/pages\/1770#wpcf7-f411-o2\" method=\"post\" class=\"wpcf7-form init\" aria-label=\"Formulario de contacto\" novalidate=\"novalidate\" data-status=\"init\" data-trp-original-action=\"\/es\/wp-json\/wp\/v2\/pages\/1770#wpcf7-f411-o2\">\n<fieldset class=\"hidden-fields-container\"><input type=\"hidden\" name=\"_wpcf7\" value=\"411\" \/><input type=\"hidden\" name=\"_wpcf7_version\" value=\"6.1.4\" \/><input type=\"hidden\" name=\"_wpcf7_locale\" value=\"en_US\" \/><input type=\"hidden\" name=\"_wpcf7_unit_tag\" value=\"wpcf7-f411-o2\" \/><input type=\"hidden\" name=\"_wpcf7_container_post\" value=\"0\" \/><input type=\"hidden\" name=\"_wpcf7_posted_data_hash\" value=\"\" \/><input type=\"hidden\" name=\"_wpcf7_recaptcha_response\" value=\"\" \/>\n<\/fieldset>\n<div class=\"form-inner\">\n\t<div class=\"row clearfix\">\n\t\t<div class=\"col-md-6 col-sm-12 form-group\">\n\t\t\t<p><label>Tu nombre<\/label><span class=\"wpcf7-form-control-wrap\" data-name=\"username\"><input size=\"40\" maxlength=\"400\" class=\"wpcf7-form-control wpcf7-text wpcf7-validates-as-required\" aria-required=\"true\" aria-invalid=\"false\" value=\"\" type=\"text\" name=\"username\" \/><\/span>\n\t\t\t<\/p>\n\t\t<\/div>\n\t\t<div class=\"col-md-6 col-sm-12 form-group\">\n\t\t\t<p><label>Direcci\u00f3n de correo electr\u00f3nico<\/label><span class=\"wpcf7-form-control-wrap\" data-name=\"email\"><input size=\"40\" maxlength=\"400\" class=\"wpcf7-form-control wpcf7-email wpcf7-validates-as-required wpcf7-text wpcf7-validates-as-email\" aria-required=\"true\" aria-invalid=\"false\" value=\"\" type=\"email\" name=\"email\" \/><\/span>\n\t\t\t<\/p>\n\t\t<\/div>\n\t\t<div class=\"col-md-6 col-sm-12 form-group\">\n\t\t\t<p><label>Tema<\/label><span class=\"wpcf7-form-control-wrap\" data-name=\"subject\"><input size=\"40\" maxlength=\"400\" class=\"wpcf7-form-control wpcf7-text wpcf7-validates-as-required\" aria-required=\"true\" aria-invalid=\"false\" value=\"\" type=\"text\" name=\"subject\" \/><\/span>\n\t\t\t<\/p>\n\t\t<\/div>\n\t\t<div class=\"col-md-6 col-sm-12 form-group\">\n\t\t\t<p><label>Tel\u00e9fono<\/label><span class=\"wpcf7-form-control-wrap\" data-name=\"phone\"><input size=\"40\" maxlength=\"400\" class=\"wpcf7-form-control wpcf7-text wpcf7-validates-as-required\" aria-required=\"true\" aria-invalid=\"false\" value=\"\" type=\"text\" name=\"phone\" \/><\/span>\n\t\t\t<\/p>\n\t\t<\/div>\n\t\t<div class=\"col-md-12 col-sm-12 form-group\">\n\t\t\t<p><label>Mensaje<\/label><span class=\"wpcf7-form-control-wrap\" data-name=\"message\"><textarea cols=\"40\" rows=\"10\" maxlength=\"2000\" class=\"wpcf7-form-control wpcf7-textarea\" aria-invalid=\"false\" name=\"message\"><\/textarea><\/span>\n\t\t\t<\/p>\n\t\t<\/div>\n\t\t<div class=\"col-md-6 col-sm-12 form-group message-btn\">\n\t\t\t<p><input class=\"wpcf7-form-control wpcf7-submit has-spinner theme_btn\" type=\"submit\" value=\"env\u00eda ahora\" \/>\n\t\t\t<\/p>\n\t\t<\/div>\n\t<\/div>\n<\/div><p style=\"display: none !important;\" class=\"akismet-fields-container\" data-prefix=\"_wpcf7_ak_\"><label>\u0394<textarea name=\"_wpcf7_ak_hp_textarea\" cols=\"45\" rows=\"8\" maxlength=\"100\"><\/textarea><\/label><input type=\"hidden\" id=\"ak_js_2\" name=\"_wpcf7_ak_js\" value=\"197\"\/><script>document.getElementById( \"ak_js_2\" ).setAttribute( \"value\", ( new Date() ).getTime() );<\/script><\/p><div class=\"wpcf7-response-output\" aria-hidden=\"true\"><\/div>\n<input type=\"hidden\" name=\"trp-form-language\" value=\"es\"\/><\/form>\n<\/div>\n<\/div>\t\t\t\t\t\t\t<\/div>\n\t\t\t\t\t\t<\/div>\n\t\t\t\t\t<\/div>\n\t\t\t\t<\/div>\n\t\t\t<\/div>\n\t\t<\/section>\n\t\t\t\t<\/div>\n\t\t\t\t<\/div>\n\t\t\t\t\t<\/div>\n\t\t<\/div>\n\t\t\t\t\t<\/div>\n\t\t<\/section>\n\t\t\t\t<\/div>","protected":false},"excerpt":{"rendered":"<p>D\u00edganos c\u00f3mo podemos ayudarle. Complete este formulario y nos pondremos en contacto con usted lo antes posible. \u00bfTiene alguna pregunta o comentario espec\u00edfico? Ll\u00e1menos o complete este formulario y nos pondremos en contacto con usted en breve. Informaci\u00f3n de contacto: +1 954-366-4075. Lunes a viernes: 9:00 a. m. a 5:00 p. m. S\u00e1bados y domingos: cerrado [\u2026]<\/p>","protected":false},"author":1,"featured_media":0,"parent":0,"menu_order":0,"comment_status":"closed","ping_status":"closed","template":"","meta":{"nf_dc_page":"","footnotes":""},"class_list":["post-1770","page","type-page","status-publish","hentry"],"jetpack_sharing_enabled":true,"_links":{"self":[{"href":"https:\/\/www.aquaticleaklocators.com\/es\/wp-json\/wp\/v2\/pages\/1770","targetHints":{"allow":["GET"]}}],"collection":[{"href":"https:\/\/www.aquaticleaklocators.com\/es\/wp-json\/wp\/v2\/pages"}],"about":[{"href":"https:\/\/www.aquaticleaklocators.com\/es\/wp-json\/wp\/v2\/types\/page"}],"author":[{"embeddable":true,"href":"https:\/\/www.aquaticleaklocators.com\/es\/wp-json\/wp\/v2\/users\/1"}],"replies":[{"embeddable":true,"href":"https:\/\/www.aquaticleaklocators.com\/es\/wp-json\/wp\/v2\/comments?post=1770"}],"version-history":[{"count":79,"href":"https:\/\/www.aquaticleaklocators.com\/es\/wp-json\/wp\/v2\/pages\/1770\/revisions"}],"predecessor-version":[{"id":2920,"href":"https:\/\/www.aquaticleaklocators.com\/es\/wp-json\/wp\/v2\/pages\/1770\/revisions\/2920"}],"wp:attachment":[{"href":"https:\/\/www.aquaticleaklocators.com\/es\/wp-json\/wp\/v2\/media?parent=1770"}],"curies":[{"name":"gracias","href":"https:\/\/api.w.org\/{rel}","templated":true}]}}